{"id":448,"date":"2021-10-28T09:17:37","date_gmt":"2021-10-28T09:17:37","guid":{"rendered":"https:\/\/carrosserie-look.ch\/?page_id=448"},"modified":"2024-08-30T08:38:30","modified_gmt":"2024-08-30T08:38:30","slug":"carrosserie","status":"publish","type":"page","link":"https:\/\/carrosserie-look.ch\/index.php\/carrosserie\/","title":{"rendered":"Carrosserie"},"content":{"rendered":"\t\t<div data-elementor-type=\"wp-page\" data-elementor-id=\"448\" class=\"elementor elementor-448\" data-elementor-post-type=\"page\">\n\t\t\t\t\t\t<section class=\"elementor-section elementor-top-section elementor-element elementor-element-39280237 elementor-section-height-min-height elementor-section-items-top elementor-section-boxed elementor-section-height-default\" data-id=\"39280237\" data-element_type=\"section\" data-e-type=\"section\" data-settings=\"{&quot;background_background&quot;:&quot;classic&quot;}\">\n\t\t\t\t\t\t<div class=\"elementor-container elementor-column-gap-default\">\n\t\t\t\t\t<div class=\"elementor-column elementor-col-50 elementor-top-column elementor-element elementor-element-38365603\" data-id=\"38365603\" data-element_type=\"column\" data-e-type=\"column\">\n\t\t\t<div class=\"elementor-widget-wrap\">\n\t\t\t\t\t\t\t<\/div>\n\t\t<\/div>\n\t\t\t\t<div class=\"elementor-column elementor-col-50 elementor-top-column elementor-element elementor-element-3e5aa9b4\" data-id=\"3e5aa9b4\" data-element_type=\"column\" data-e-type=\"column\" data-settings=\"{&quot;background_background&quot;:&quot;classic&quot;}\">\n\t\t\t<div class=\"elementor-widget-wrap elementor-element-populated\">\n\t\t\t\t\t\t<div class=\"elementor-element elementor-element-10ce0409 elementor-widget elementor-widget-text-editor\" data-id=\"10ce0409\" data-element_type=\"widget\" data-e-type=\"widget\" data-widget_type=\"text-editor.default\">\n\t\t\t\t<div class=\"elementor-widget-container\">\n\t\t\t\t\t\t\t\t\t<p><strong>Unfallreparatur\u00a0<\/strong><br \/>Schnell und Kosteneffizient\u00a0<\/p><p>Unfallsch\u00e4den werden von unserem Team mit bester Qualit\u00e4t repariert. Wir garantieren Ihnen, dass ihr Fahrzeug aussieht wie am ersten Tag.<\/p><ul><li>Neuteile- und Reparaturlackierungen gem\u00e4ss den Herstellerrichtlinien an PKW und LKW.<\/li><li>Kunstoff- und Spot Repair-Lackierungen<\/li><li>Sonderlackierungen an Motorr\u00e4dern, Fahrr\u00e4dern, Oldtimerfahrzeugen, Boote, Reisebusse und Caravans.<\/li><li>Industrielackierungen<\/li><li>Im Versicherungsfall erstellen wir Schadenkalkulation mit Fotos mit unseren Kalkulationsprogramm Audatex, dies erm\u00f6glicht uns eine reibungslose Schadenabwicklung mit den Versicherungen.<\/li><\/ul><p>Gearbeitet wird nur mit Original Ersatzteile, so k\u00f6nnen wir eine erstklassige Reparatur gew\u00e4hrleisten. Jegliche Art von Verformung wird fachm\u00e4nnisch gerichtet. Was die Passgenauigkeit und Stabilit\u00e4t anbelangt erzielen wir top Resultate.\u00a0Dies steigert nicht nur Ihre Sicherheit, sondern auch den Verkaufswert des Fahrzeuges bei einem anf\u00e4lligen Verkauf.<\/p>\t\t\t\t\t\t\t\t<\/div>\n\t\t\t\t<\/div>\n\t\t\t\t\t<\/div>\n\t\t<\/div>\n\t\t\t\t\t<\/div>\n\t\t<\/section>\n\t\t\t\t<\/div>\n\t\t","protected":false},"excerpt":{"rendered":"<p>Unfallreparatur\u00a0Schnell und Kosteneffizient\u00a0 Unfallsch\u00e4den werden von unserem Team mit bester Qualit\u00e4t repariert. Wir garantieren Ihnen, dass ihr Fahrzeug aussieht wie am ersten Tag. Neuteile- und Reparaturlackierungen gem\u00e4ss den Herstellerrichtlinien an PKW und LKW. Kunstoff- und Spot Repair-Lackierungen Sonderlackierungen an Motorr\u00e4dern, Fahrr\u00e4dern, Oldtimerfahrzeugen, Boote, Reisebusse und Caravans. Industrielackierungen Im Versicherungsfall erstellen wir Schadenkalkulation mit Fotos mit &hellip; <\/p>\n<p class=\"link-more\"><a href=\"https:\/\/carrosserie-look.ch\/index.php\/carrosserie\/\" class=\"more-link\"><span class=\"screen-reader-text\">\u201eCarrosserie\u201c <\/span>weiterlesen<\/a><\/p>\n","protected":false},"author":1,"featured_media":0,"parent":0,"menu_order":0,"comment_status":"closed","ping_status":"closed","template":"elementor_header_footer","meta":{"footnotes":""},"class_list":["post-448","page","type-page","status-publish","hentry","entry"],"_links":{"self":[{"href":"https:\/\/carrosserie-look.ch\/index.php\/wp-json\/wp\/v2\/pages\/448","targetHints":{"allow":["GET"]}}],"collection":[{"href":"https:\/\/carrosserie-look.ch\/index.php\/wp-json\/wp\/v2\/pages"}],"about":[{"href":"https:\/\/carrosserie-look.ch\/index.php\/wp-json\/wp\/v2\/types\/page"}],"author":[{"embeddable":true,"href":"https:\/\/carrosserie-look.ch\/index.php\/wp-json\/wp\/v2\/users\/1"}],"replies":[{"embeddable":true,"href":"https:\/\/carrosserie-look.ch\/index.php\/wp-json\/wp\/v2\/comments?post=448"}],"version-history":[{"count":13,"href":"https:\/\/carrosserie-look.ch\/index.php\/wp-json\/wp\/v2\/pages\/448\/revisions"}],"predecessor-version":[{"id":638,"href":"https:\/\/carrosserie-look.ch\/index.php\/wp-json\/wp\/v2\/pages\/448\/revisions\/638"}],"wp:attachment":[{"href":"https:\/\/carrosserie-look.ch\/index.php\/wp-json\/wp\/v2\/media?parent=448"}],"curies":[{"name":"wp","href":"https:\/\/api.w.org\/{rel}","templated":true}]}}