{"id":442,"date":"2021-10-28T09:13:44","date_gmt":"2021-10-28T09:13:44","guid":{"rendered":"https:\/\/carrosserie-look.ch\/?page_id=442"},"modified":"2024-08-30T08:39:59","modified_gmt":"2024-08-30T08:39:59","slug":"kunststoffreparaturen","status":"publish","type":"page","link":"https:\/\/carrosserie-look.ch\/index.php\/kunststoffreparaturen\/","title":{"rendered":"Kunststoffreparaturen"},"content":{"rendered":"\t\t<div data-elementor-type=\"wp-page\" data-elementor-id=\"442\" class=\"elementor elementor-442\" data-elementor-post-type=\"page\">\n\t\t\t\t\t\t<section class=\"elementor-section elementor-top-section elementor-element elementor-element-74d499d9 elementor-section-height-min-height elementor-section-items-top elementor-section-boxed elementor-section-height-default\" data-id=\"74d499d9\" data-element_type=\"section\" data-e-type=\"section\" data-settings=\"{&quot;background_background&quot;:&quot;classic&quot;}\">\n\t\t\t\t\t\t<div class=\"elementor-container elementor-column-gap-default\">\n\t\t\t\t\t<div class=\"elementor-column elementor-col-50 elementor-top-column elementor-element elementor-element-64a06848\" data-id=\"64a06848\" data-element_type=\"column\" data-e-type=\"column\">\n\t\t\t<div class=\"elementor-widget-wrap\">\n\t\t\t\t\t\t\t<\/div>\n\t\t<\/div>\n\t\t\t\t<div class=\"elementor-column elementor-col-50 elementor-top-column elementor-element elementor-element-62738487\" data-id=\"62738487\" data-element_type=\"column\" data-e-type=\"column\" data-settings=\"{&quot;background_background&quot;:&quot;classic&quot;}\">\n\t\t\t<div class=\"elementor-widget-wrap elementor-element-populated\">\n\t\t\t\t\t\t<div class=\"elementor-element elementor-element-37b4e808 elementor-widget elementor-widget-text-editor\" data-id=\"37b4e808\" data-element_type=\"widget\" data-e-type=\"widget\" data-widget_type=\"text-editor.default\">\n\t\t\t\t<div class=\"elementor-widget-container\">\n\t\t\t\t\t\t\t\t\t<p><strong>Kunststoffreparaturen<\/strong><\/p><p>Dellen, Kratzer oder sogar L\u00f6cher in der Stossstange am Auto?\u00a0<\/p><p>Die daf\u00fcr ben\u00f6tigten Arbeitstechniken, Werkzeuge und Materialien verf\u00fcgen\u00a0wir.\u00a0<\/p><p>Mit der Umweltschonenden Reparaturmethode k\u00f6nnen wir nicht nur etwas f\u00fcr Ihr Fahrzeug tun, sondern schonen gleichzeitig auch unsere Umwelt.\u00a0Automobilhersteller haben nachgewiesen, dass fachgerecht instandgesetzte Kunststoffteile in Stabilit\u00e4t, Funktion und Optik mit Neuteilen gleichzustellen sind.<\/p>\t\t\t\t\t\t\t\t<\/div>\n\t\t\t\t<\/div>\n\t\t\t\t<div class=\"elementor-element elementor-element-7ce2ea5 elementor-widget elementor-widget-gallery\" data-id=\"7ce2ea5\" data-element_type=\"widget\" data-e-type=\"widget\" data-settings=\"{&quot;columns&quot;:2,&quot;lazyload&quot;:&quot;yes&quot;,&quot;gallery_layout&quot;:&quot;grid&quot;,&quot;columns_tablet&quot;:2,&quot;columns_mobile&quot;:1,&quot;gap&quot;:{&quot;unit&quot;:&quot;px&quot;,&quot;size&quot;:10,&quot;sizes&quot;:[]},&quot;gap_tablet&quot;:{&quot;unit&quot;:&quot;px&quot;,&quot;size&quot;:10,&quot;sizes&quot;:[]},&quot;gap_mobile&quot;:{&quot;unit&quot;:&quot;px&quot;,&quot;size&quot;:10,&quot;sizes&quot;:[]},&quot;link_to&quot;:&quot;file&quot;,&quot;aspect_ratio&quot;:&quot;3:2&quot;,&quot;overlay_background&quot;:&quot;yes&quot;,&quot;content_hover_animation&quot;:&quot;fade-in&quot;}\" data-widget_type=\"gallery.default\">\n\t\t\t\t<div class=\"elementor-widget-container\">\n\t\t\t\t\t\t\t<div class=\"elementor-gallery__container\">\n\t\t\t\t\t\t\t<a class=\"e-gallery-item elementor-gallery-item elementor-animated-content\" href=\"https:\/\/carrosserie-look.ch\/wp-content\/uploads\/2023\/05\/WhatsApp-Image-2023-05-21-at-19.29.51.jpeg\" data-elementor-open-lightbox=\"yes\" data-elementor-lightbox-slideshow=\"7ce2ea5\" data-elementor-lightbox-title=\"WhatsApp Image 2023-05-21 at 19.29.51\" data-e-action-hash=\"#elementor-action%3Aaction%3Dlightbox%26settings%3DeyJpZCI6NTU5LCJ1cmwiOiJodHRwczpcL1wvY2Fycm9zc2VyaWUtbG9vay5jaFwvd3AtY29udGVudFwvdXBsb2Fkc1wvMjAyM1wvMDVcL1doYXRzQXBwLUltYWdlLTIwMjMtMDUtMjEtYXQtMTkuMjkuNTEuanBlZyIsInNsaWRlc2hvdyI6IjdjZTJlYTUifQ%3D%3D\">\n\t\t\t\t\t<div class=\"e-gallery-image elementor-gallery-item__image\" data-thumbnail=\"https:\/\/carrosserie-look.ch\/wp-content\/uploads\/2023\/05\/WhatsApp-Image-2023-05-21-at-19.29.51-300x215.jpeg\" data-width=\"300\" data-height=\"215\" aria-label=\"\" role=\"img\" ><\/div>\n\t\t\t\t\t\t\t\t\t\t\t<div class=\"elementor-gallery-item__overlay\"><\/div>\n\t\t\t\t\t\t\t\t\t\t\t\t\t\t<\/a>\n\t\t\t\t\t\t\t<a class=\"e-gallery-item elementor-gallery-item elementor-animated-content\" href=\"https:\/\/carrosserie-look.ch\/wp-content\/uploads\/2023\/05\/WhatsApp-Image-2023-05-21-at-19.28.55.jpeg\" data-elementor-open-lightbox=\"yes\" data-elementor-lightbox-slideshow=\"7ce2ea5\" data-elementor-lightbox-title=\"WhatsApp Image 2023-05-21 at 19.28.55\" data-e-action-hash=\"#elementor-action%3Aaction%3Dlightbox%26settings%3DeyJpZCI6NTU4LCJ1cmwiOiJodHRwczpcL1wvY2Fycm9zc2VyaWUtbG9vay5jaFwvd3AtY29udGVudFwvdXBsb2Fkc1wvMjAyM1wvMDVcL1doYXRzQXBwLUltYWdlLTIwMjMtMDUtMjEtYXQtMTkuMjguNTUuanBlZyIsInNsaWRlc2hvdyI6IjdjZTJlYTUifQ%3D%3D\">\n\t\t\t\t\t<div class=\"e-gallery-image elementor-gallery-item__image\" data-thumbnail=\"https:\/\/carrosserie-look.ch\/wp-content\/uploads\/2023\/05\/WhatsApp-Image-2023-05-21-at-19.28.55-300x220.jpeg\" data-width=\"300\" data-height=\"220\" aria-label=\"\" role=\"img\" ><\/div>\n\t\t\t\t\t\t\t\t\t\t\t<div class=\"elementor-gallery-item__overlay\"><\/div>\n\t\t\t\t\t\t\t\t\t\t\t\t\t\t<\/a>\n\t\t\t\t\t\t\t<a class=\"e-gallery-item elementor-gallery-item elementor-animated-content\" href=\"https:\/\/carrosserie-look.ch\/wp-content\/uploads\/2023\/05\/WhatsApp-Image-2023-05-21-at-20.22.35.jpeg\" data-elementor-open-lightbox=\"yes\" data-elementor-lightbox-slideshow=\"7ce2ea5\" data-elementor-lightbox-title=\"WhatsApp Image 2023-05-21 at 20.22.35\" data-e-action-hash=\"#elementor-action%3Aaction%3Dlightbox%26settings%3DeyJpZCI6NTU3LCJ1cmwiOiJodHRwczpcL1wvY2Fycm9zc2VyaWUtbG9vay5jaFwvd3AtY29udGVudFwvdXBsb2Fkc1wvMjAyM1wvMDVcL1doYXRzQXBwLUltYWdlLTIwMjMtMDUtMjEtYXQtMjAuMjIuMzUuanBlZyIsInNsaWRlc2hvdyI6IjdjZTJlYTUifQ%3D%3D\">\n\t\t\t\t\t<div class=\"e-gallery-image elementor-gallery-item__image\" data-thumbnail=\"https:\/\/carrosserie-look.ch\/wp-content\/uploads\/2023\/05\/WhatsApp-Image-2023-05-21-at-20.22.35-300x292.jpeg\" data-width=\"300\" data-height=\"292\" aria-label=\"\" role=\"img\" ><\/div>\n\t\t\t\t\t\t\t\t\t\t\t<div class=\"elementor-gallery-item__overlay\"><\/div>\n\t\t\t\t\t\t\t\t\t\t\t\t\t\t<\/a>\n\t\t\t\t\t\t\t<a class=\"e-gallery-item elementor-gallery-item elementor-animated-content\" href=\"https:\/\/carrosserie-look.ch\/wp-content\/uploads\/2023\/05\/WhatsApp-Image-2023-05-21-at-20.26.31.jpeg\" data-elementor-open-lightbox=\"yes\" data-elementor-lightbox-slideshow=\"7ce2ea5\" data-elementor-lightbox-title=\"WhatsApp Image 2023-05-21 at 20.26.31\" data-e-action-hash=\"#elementor-action%3Aaction%3Dlightbox%26settings%3DeyJpZCI6NTU2LCJ1cmwiOiJodHRwczpcL1wvY2Fycm9zc2VyaWUtbG9vay5jaFwvd3AtY29udGVudFwvdXBsb2Fkc1wvMjAyM1wvMDVcL1doYXRzQXBwLUltYWdlLTIwMjMtMDUtMjEtYXQtMjAuMjYuMzEuanBlZyIsInNsaWRlc2hvdyI6IjdjZTJlYTUifQ%3D%3D\">\n\t\t\t\t\t<div class=\"e-gallery-image elementor-gallery-item__image\" data-thumbnail=\"https:\/\/carrosserie-look.ch\/wp-content\/uploads\/2023\/05\/WhatsApp-Image-2023-05-21-at-20.26.31-300x289.jpeg\" data-width=\"300\" data-height=\"289\" aria-label=\"\" role=\"img\" ><\/div>\n\t\t\t\t\t\t\t\t\t\t\t<div class=\"elementor-gallery-item__overlay\"><\/div>\n\t\t\t\t\t\t\t\t\t\t\t\t\t\t<\/a>\n\t\t\t\t\t\t\t<a class=\"e-gallery-item elementor-gallery-item elementor-animated-content\" href=\"https:\/\/carrosserie-look.ch\/wp-content\/uploads\/2023\/05\/WhatsApp-Image-2023-05-21-at-20.26.39.jpeg\" data-elementor-open-lightbox=\"yes\" data-elementor-lightbox-slideshow=\"7ce2ea5\" data-elementor-lightbox-title=\"WhatsApp Image 2023-05-21 at 20.26.39\" data-e-action-hash=\"#elementor-action%3Aaction%3Dlightbox%26settings%3DeyJpZCI6NTU1LCJ1cmwiOiJodHRwczpcL1wvY2Fycm9zc2VyaWUtbG9vay5jaFwvd3AtY29udGVudFwvdXBsb2Fkc1wvMjAyM1wvMDVcL1doYXRzQXBwLUltYWdlLTIwMjMtMDUtMjEtYXQtMjAuMjYuMzkuanBlZyIsInNsaWRlc2hvdyI6IjdjZTJlYTUifQ%3D%3D\">\n\t\t\t\t\t<div class=\"e-gallery-image elementor-gallery-item__image\" data-thumbnail=\"https:\/\/carrosserie-look.ch\/wp-content\/uploads\/2023\/05\/WhatsApp-Image-2023-05-21-at-20.26.39-300x297.jpeg\" data-width=\"300\" data-height=\"297\" aria-label=\"\" role=\"img\" ><\/div>\n\t\t\t\t\t\t\t\t\t\t\t<div class=\"elementor-gallery-item__overlay\"><\/div>\n\t\t\t\t\t\t\t\t\t\t\t\t\t\t<\/a>\n\t\t\t\t\t<\/div>\n\t\t\t\t\t<\/div>\n\t\t\t\t<\/div>\n\t\t\t\t\t<\/div>\n\t\t<\/div>\n\t\t\t\t\t<\/div>\n\t\t<\/section>\n\t\t\t\t<\/div>\n\t\t","protected":false},"excerpt":{"rendered":"<p>Kunststoffreparaturen Dellen, Kratzer oder sogar L\u00f6cher in der Stossstange am Auto?\u00a0 Die daf\u00fcr ben\u00f6tigten Arbeitstechniken, Werkzeuge und Materialien verf\u00fcgen\u00a0wir.\u00a0 Mit der Umweltschonenden Reparaturmethode k\u00f6nnen wir nicht nur etwas f\u00fcr Ihr Fahrzeug tun, sondern schonen gleichzeitig auch unsere Umwelt.\u00a0Automobilhersteller haben nachgewiesen, dass fachgerecht instandgesetzte Kunststoffteile in Stabilit\u00e4t, Funktion und Optik mit Neuteilen gleichzustellen sind.<\/p>\n","protected":false},"author":1,"featured_media":0,"parent":0,"menu_order":0,"comment_status":"closed","ping_status":"closed","template":"elementor_header_footer","meta":{"footnotes":""},"class_list":["post-442","page","type-page","status-publish","hentry","entry"],"_links":{"self":[{"href":"https:\/\/carrosserie-look.ch\/index.php\/wp-json\/wp\/v2\/pages\/442","targetHints":{"allow":["GET"]}}],"collection":[{"href":"https:\/\/carrosserie-look.ch\/index.php\/wp-json\/wp\/v2\/pages"}],"about":[{"href":"https:\/\/carrosserie-look.ch\/index.php\/wp-json\/wp\/v2\/types\/page"}],"author":[{"embeddable":true,"href":"https:\/\/carrosserie-look.ch\/index.php\/wp-json\/wp\/v2\/users\/1"}],"replies":[{"embeddable":true,"href":"https:\/\/carrosserie-look.ch\/index.php\/wp-json\/wp\/v2\/comments?post=442"}],"version-history":[{"count":10,"href":"https:\/\/carrosserie-look.ch\/index.php\/wp-json\/wp\/v2\/pages\/442\/revisions"}],"predecessor-version":[{"id":650,"href":"https:\/\/carrosserie-look.ch\/index.php\/wp-json\/wp\/v2\/pages\/442\/revisions\/650"}],"wp:attachment":[{"href":"https:\/\/carrosserie-look.ch\/index.php\/wp-json\/wp\/v2\/media?parent=442"}],"curies":[{"name":"wp","href":"https:\/\/api.w.org\/{rel}","templated":true}]}}