{"id":417,"date":"2021-10-27T11:32:11","date_gmt":"2021-10-27T11:32:11","guid":{"rendered":"https:\/\/carrosserie-look.ch\/?page_id=417"},"modified":"2024-08-30T08:39:20","modified_gmt":"2024-08-30T08:39:20","slug":"folierungen","status":"publish","type":"page","link":"https:\/\/carrosserie-look.ch\/index.php\/folierungen\/","title":{"rendered":"Folierungen"},"content":{"rendered":"\t\t<div data-elementor-type=\"wp-page\" data-elementor-id=\"417\" class=\"elementor elementor-417\" data-elementor-post-type=\"page\">\n\t\t\t\t\t\t<section class=\"elementor-section elementor-top-section elementor-element elementor-element-6af9faaa elementor-section-height-min-height elementor-section-items-top elementor-section-boxed elementor-section-height-default\" data-id=\"6af9faaa\" data-element_type=\"section\" data-e-type=\"section\" data-settings=\"{&quot;background_background&quot;:&quot;classic&quot;}\">\n\t\t\t\t\t\t<div class=\"elementor-container elementor-column-gap-default\">\n\t\t\t\t\t<div class=\"elementor-column elementor-col-50 elementor-top-column elementor-element elementor-element-1f56627d\" data-id=\"1f56627d\" data-element_type=\"column\" data-e-type=\"column\">\n\t\t\t<div class=\"elementor-widget-wrap\">\n\t\t\t\t\t\t\t<\/div>\n\t\t<\/div>\n\t\t\t\t<div class=\"elementor-column elementor-col-50 elementor-top-column elementor-element elementor-element-24a4676e\" data-id=\"24a4676e\" data-element_type=\"column\" data-e-type=\"column\" data-settings=\"{&quot;background_background&quot;:&quot;classic&quot;}\">\n\t\t\t<div class=\"elementor-widget-wrap elementor-element-populated\">\n\t\t\t\t\t\t<div class=\"elementor-element elementor-element-5a3e14d9 elementor-widget elementor-widget-text-editor\" data-id=\"5a3e14d9\" data-element_type=\"widget\" data-e-type=\"widget\" data-widget_type=\"text-editor.default\">\n\t\t\t\t<div class=\"elementor-widget-container\">\n\t\t\t\t\t\t\t\t\t<p><strong>Steinschlagfolierung<\/strong><\/p><p>Man unterscheidet zwischen zwei Arten von Steinschlagschutzfolie f\u00fcr das Auto, da ist zum einen die transparente Folie die auf die Scheiben aufgebracht wird. Sie macht das Glas unempfindlicher gegen\u00fcber Steinschlag und sch\u00fctzt es, sodass die Scheiben nicht splittern und die Steine keine L\u00f6cher in die Scheiben schlagen. Dann gibt es noch Lackschutzfolie, die ist nicht f\u00fcr die Scheiben gedacht sondern wird auf lackierten und lack\u00e4hnlichen Oberfl\u00e4chen aufgebracht. Ist etwas unter einem halben Zentimeter dick und muss individuell f\u00fcr jede Fl\u00e4che am Auto zugeschnitten werden. Gute Folien sind langlebig (bis zu zehn Jahre versprechen die Hersteller), wetterfest, UV-best\u00e4ndig und halten auch hohe Temperaturen aus. Sie sch\u00fctzen den Lack vor mechanischen Reizen und damit:<\/p><p>\u2013 Kratzern<br \/>\u2013 Feuchtigkeit<br \/>\u2013 UV-Strahlung<br \/>\u2013 Unwetter<\/p><p>Die Folierung tr\u00e4gt also ganz allgemein zu einem l\u00e4ngerem wie neu oder frisch lackiert aussehenden Fahrzeug bei. Das nat\u00fcrlich nicht nur bei Steinschlag, sondern auch in anderen Widrigkeiten. G\u00fcnstige Lackschutzfolien werden insbesondere f\u00fcr Einstiegs- und Ladekanten an Ihrem Fahrzeug empfohlen. Eine wirklich gute Temperaturbest\u00e4ndigkeit bieten in der Regel nur eher kostenintensive Folien. Sie bilden keine Blasen! Wenn die Motorhaube heiss ist, sind bis zum Dreifachen der L\u00e4nge dehnbar und werden meist mit allerlei Zubeh\u00f6r geliefert.<\/p>\t\t\t\t\t\t\t\t<\/div>\n\t\t\t\t<\/div>\n\t\t\t\t\t<\/div>\n\t\t<\/div>\n\t\t\t\t\t<\/div>\n\t\t<\/section>\n\t\t\t\t<\/div>\n\t\t","protected":false},"excerpt":{"rendered":"<p>Steinschlagfolierung Man unterscheidet zwischen zwei Arten von Steinschlagschutzfolie f\u00fcr das Auto, da ist zum einen die transparente Folie die auf die Scheiben aufgebracht wird. Sie macht das Glas unempfindlicher gegen\u00fcber Steinschlag und sch\u00fctzt es, sodass die Scheiben nicht splittern und die Steine keine L\u00f6cher in die Scheiben schlagen. Dann gibt es noch Lackschutzfolie, die ist &hellip; <\/p>\n<p class=\"link-more\"><a href=\"https:\/\/carrosserie-look.ch\/index.php\/folierungen\/\" class=\"more-link\"><span class=\"screen-reader-text\">\u201eFolierungen\u201c <\/span>weiterlesen<\/a><\/p>\n","protected":false},"author":1,"featured_media":0,"parent":0,"menu_order":0,"comment_status":"closed","ping_status":"closed","template":"elementor_header_footer","meta":{"footnotes":""},"class_list":["post-417","page","type-page","status-publish","hentry","entry"],"_links":{"self":[{"href":"https:\/\/carrosserie-look.ch\/index.php\/wp-json\/wp\/v2\/pages\/417","targetHints":{"allow":["GET"]}}],"collection":[{"href":"https:\/\/carrosserie-look.ch\/index.php\/wp-json\/wp\/v2\/pages"}],"about":[{"href":"https:\/\/carrosserie-look.ch\/index.php\/wp-json\/wp\/v2\/types\/page"}],"author":[{"embeddable":true,"href":"https:\/\/carrosserie-look.ch\/index.php\/wp-json\/wp\/v2\/users\/1"}],"replies":[{"embeddable":true,"href":"https:\/\/carrosserie-look.ch\/index.php\/wp-json\/wp\/v2\/comments?post=417"}],"version-history":[{"count":16,"href":"https:\/\/carrosserie-look.ch\/index.php\/wp-json\/wp\/v2\/pages\/417\/revisions"}],"predecessor-version":[{"id":642,"href":"https:\/\/carrosserie-look.ch\/index.php\/wp-json\/wp\/v2\/pages\/417\/revisions\/642"}],"wp:attachment":[{"href":"https:\/\/carrosserie-look.ch\/index.php\/wp-json\/wp\/v2\/media?parent=417"}],"curies":[{"name":"wp","href":"https:\/\/api.w.org\/{rel}","templated":true}]}}