{"id":216,"date":"2021-10-26T13:10:26","date_gmt":"2021-10-26T13:10:26","guid":{"rendered":"https:\/\/carrosserie-look.ch\/?page_id=216"},"modified":"2024-08-30T08:40:57","modified_gmt":"2024-08-30T08:40:57","slug":"scheibenservice","status":"publish","type":"page","link":"https:\/\/carrosserie-look.ch\/index.php\/scheibenservice\/","title":{"rendered":"Scheibenservice"},"content":{"rendered":"\t\t<div data-elementor-type=\"wp-page\" data-elementor-id=\"216\" class=\"elementor elementor-216\" data-elementor-post-type=\"page\">\n\t\t\t\t\t\t<section class=\"elementor-section elementor-top-section elementor-element elementor-element-606f8c49 elementor-section-height-min-height elementor-section-items-top elementor-section-boxed elementor-section-height-default\" data-id=\"606f8c49\" data-element_type=\"section\" data-e-type=\"section\" data-settings=\"{&quot;background_background&quot;:&quot;classic&quot;}\">\n\t\t\t\t\t\t<div class=\"elementor-container elementor-column-gap-default\">\n\t\t\t\t\t<div class=\"elementor-column elementor-col-50 elementor-top-column elementor-element elementor-element-2c287e7b\" data-id=\"2c287e7b\" data-element_type=\"column\" data-e-type=\"column\">\n\t\t\t<div class=\"elementor-widget-wrap\">\n\t\t\t\t\t\t\t<\/div>\n\t\t<\/div>\n\t\t\t\t<div class=\"elementor-column elementor-col-50 elementor-top-column elementor-element elementor-element-2d5fe498\" data-id=\"2d5fe498\" data-element_type=\"column\" data-e-type=\"column\" data-settings=\"{&quot;background_background&quot;:&quot;classic&quot;}\">\n\t\t\t<div class=\"elementor-widget-wrap elementor-element-populated\">\n\t\t\t\t\t\t<div class=\"elementor-element elementor-element-15883fad elementor-widget elementor-widget-text-editor\" data-id=\"15883fad\" data-element_type=\"widget\" data-e-type=\"widget\" data-widget_type=\"text-editor.default\">\n\t\t\t\t<div class=\"elementor-widget-container\">\n\t\t\t\t\t\t\t\t\t<p><strong>Scheibenservice aller Fahrzeuge<\/strong><br \/><br \/>Reparatur an Ihrer Frontscheibe f\u00e4llig?<br \/><br \/>Durch unsere effiziente Reparaturtechnik l\u00e4sst sich auch Ihre besch\u00e4digte Frontscheibe reparieren. Viele Versicherungen empfehlen diese Reparaturmethode, dadurch reduzieren sich die Kosten deutlich und Ihr Originalteile bleibt erhalten. Falls ein Ersatz der Frontscheibe notwendig ist, wird diese nat\u00fcrlich nach Dato erneuert.<\/p>\t\t\t\t\t\t\t\t<\/div>\n\t\t\t\t<\/div>\n\t\t\t\t\t<\/div>\n\t\t<\/div>\n\t\t\t\t\t<\/div>\n\t\t<\/section>\n\t\t\t\t<section class=\"elementor-section elementor-top-section elementor-element elementor-element-dd52dfb elementor-section-height-min-height elementor-section-boxed elementor-section-height-default elementor-section-items-middle\" data-id=\"dd52dfb\" data-element_type=\"section\" data-e-type=\"section\" data-settings=\"{&quot;background_background&quot;:&quot;classic&quot;}\">\n\t\t\t\t\t\t<div class=\"elementor-container elementor-column-gap-default\">\n\t\t\t\t\t<div class=\"elementor-column elementor-col-50 elementor-top-column elementor-element elementor-element-4314bea\" data-id=\"4314bea\" data-element_type=\"column\" data-e-type=\"column\" data-settings=\"{&quot;background_background&quot;:&quot;classic&quot;}\">\n\t\t\t<div class=\"elementor-widget-wrap elementor-element-populated\">\n\t\t\t\t\t\t<div class=\"elementor-element elementor-element-4b71ad0 elementor-widget elementor-widget-text-editor\" data-id=\"4b71ad0\" data-element_type=\"widget\" data-e-type=\"widget\" data-widget_type=\"text-editor.default\">\n\t\t\t\t<div class=\"elementor-widget-container\">\n\t\t\t\t\t\t\t\t\t<p><strong>Scheiben t\u00f6nen<\/strong><\/p><p>Mit Spezialfolien get\u00f6nte Scheiben bieten Blend-, Sicht-, W\u00e4rme- sowie UV-Schutz und sorgen f\u00fcr angenehme Temperaturen im Innenraum des Fahrzeugs. Dabei steht Ihnen ein Sortiment mit den unterschiedlichsten T\u00f6nungsstufen zur Auswahl. Wir beraten Sie gerne bei der passenden Auswahl.<\/p>\t\t\t\t\t\t\t\t<\/div>\n\t\t\t\t<\/div>\n\t\t\t\t\t<\/div>\n\t\t<\/div>\n\t\t\t\t<div class=\"elementor-column elementor-col-50 elementor-top-column elementor-element elementor-element-ad6caf6\" data-id=\"ad6caf6\" data-element_type=\"column\" data-e-type=\"column\">\n\t\t\t<div class=\"elementor-widget-wrap elementor-element-populated\">\n\t\t\t\t\t\t<div class=\"elementor-element elementor-element-ade1e48 elementor-widget elementor-widget-image\" data-id=\"ade1e48\" data-element_type=\"widget\" data-e-type=\"widget\" data-widget_type=\"image.default\">\n\t\t\t\t<div class=\"elementor-widget-container\">\n\t\t\t\t\t\t\t\t\t\t\t\t\t\t\t<img fetchpriority=\"high\" decoding=\"async\" width=\"640\" height=\"390\" src=\"https:\/\/carrosserie-look.ch\/wp-content\/uploads\/2021\/10\/WhatsApp-Image-2021-10-20-at-23.23.58-1024x624.jpeg\" class=\"attachment-large size-large wp-image-253\" alt=\"\" srcset=\"https:\/\/carrosserie-look.ch\/wp-content\/uploads\/2021\/10\/WhatsApp-Image-2021-10-20-at-23.23.58-1024x624.jpeg 1024w, https:\/\/carrosserie-look.ch\/wp-content\/uploads\/2021\/10\/WhatsApp-Image-2021-10-20-at-23.23.58-300x183.jpeg 300w, https:\/\/carrosserie-look.ch\/wp-content\/uploads\/2021\/10\/WhatsApp-Image-2021-10-20-at-23.23.58-768x468.jpeg 768w, https:\/\/carrosserie-look.ch\/wp-content\/uploads\/2021\/10\/WhatsApp-Image-2021-10-20-at-23.23.58.jpeg 1451w\" sizes=\"(max-width: 640px) 100vw, 640px\" \/>\t\t\t\t\t\t\t\t\t\t\t\t\t\t\t<\/div>\n\t\t\t\t<\/div>\n\t\t\t\t\t<\/div>\n\t\t<\/div>\n\t\t\t\t\t<\/div>\n\t\t<\/section>\n\t\t\t\t<\/div>\n\t\t","protected":false},"excerpt":{"rendered":"<p>Scheibenservice aller Fahrzeuge Reparatur an Ihrer Frontscheibe f\u00e4llig? Durch unsere effiziente Reparaturtechnik l\u00e4sst sich auch Ihre besch\u00e4digte Frontscheibe reparieren. Viele Versicherungen empfehlen diese Reparaturmethode, dadurch reduzieren sich die Kosten deutlich und Ihr Originalteile bleibt erhalten. Falls ein Ersatz der Frontscheibe notwendig ist, wird diese nat\u00fcrlich nach Dato erneuert. Scheiben t\u00f6nen Mit Spezialfolien get\u00f6nte Scheiben bieten &hellip; <\/p>\n<p class=\"link-more\"><a href=\"https:\/\/carrosserie-look.ch\/index.php\/scheibenservice\/\" class=\"more-link\"><span class=\"screen-reader-text\">\u201eScheibenservice\u201c <\/span>weiterlesen<\/a><\/p>\n","protected":false},"author":1,"featured_media":0,"parent":0,"menu_order":0,"comment_status":"closed","ping_status":"closed","template":"elementor_header_footer","meta":{"footnotes":""},"class_list":["post-216","page","type-page","status-publish","hentry","entry"],"_links":{"self":[{"href":"https:\/\/carrosserie-look.ch\/index.php\/wp-json\/wp\/v2\/pages\/216","targetHints":{"allow":["GET"]}}],"collection":[{"href":"https:\/\/carrosserie-look.ch\/index.php\/wp-json\/wp\/v2\/pages"}],"about":[{"href":"https:\/\/carrosserie-look.ch\/index.php\/wp-json\/wp\/v2\/types\/page"}],"author":[{"embeddable":true,"href":"https:\/\/carrosserie-look.ch\/index.php\/wp-json\/wp\/v2\/users\/1"}],"replies":[{"embeddable":true,"href":"https:\/\/carrosserie-look.ch\/index.php\/wp-json\/wp\/v2\/comments?post=216"}],"version-history":[{"count":22,"href":"https:\/\/carrosserie-look.ch\/index.php\/wp-json\/wp\/v2\/pages\/216\/revisions"}],"predecessor-version":[{"id":662,"href":"https:\/\/carrosserie-look.ch\/index.php\/wp-json\/wp\/v2\/pages\/216\/revisions\/662"}],"wp:attachment":[{"href":"https:\/\/carrosserie-look.ch\/index.php\/wp-json\/wp\/v2\/media?parent=216"}],"curies":[{"name":"wp","href":"https:\/\/api.w.org\/{rel}","templated":true}]}}