{"id":181,"date":"2021-10-26T12:53:16","date_gmt":"2021-10-26T12:53:16","guid":{"rendered":"https:\/\/carrosserie-look.ch\/?page_id=181"},"modified":"2024-08-30T08:41:27","modified_gmt":"2024-08-30T08:41:27","slug":"ueber-uns","status":"publish","type":"page","link":"https:\/\/carrosserie-look.ch\/index.php\/ueber-uns\/","title":{"rendered":"\u00dcber Uns"},"content":{"rendered":"\t\t<div data-elementor-type=\"wp-page\" data-elementor-id=\"181\" class=\"elementor elementor-181\" data-elementor-post-type=\"page\">\n\t\t\t\t\t\t<section class=\"elementor-section elementor-top-section elementor-element elementor-element-4ff91431 elementor-section-height-min-height elementor-section-items-top elementor-section-boxed elementor-section-height-default\" data-id=\"4ff91431\" data-element_type=\"section\" data-e-type=\"section\" data-settings=\"{&quot;background_background&quot;:&quot;classic&quot;}\">\n\t\t\t\t\t\t<div class=\"elementor-container elementor-column-gap-default\">\n\t\t\t\t\t<div class=\"elementor-column elementor-col-100 elementor-top-column elementor-element elementor-element-31094f74\" data-id=\"31094f74\" data-element_type=\"column\" data-e-type=\"column\">\n\t\t\t<div class=\"elementor-widget-wrap elementor-element-populated\">\n\t\t\t\t\t\t<div class=\"elementor-element elementor-element-6afc439f elementor-widget elementor-widget-text-editor\" data-id=\"6afc439f\" data-element_type=\"widget\" data-e-type=\"widget\" data-widget_type=\"text-editor.default\">\n\t\t\t\t<div class=\"elementor-widget-container\">\n\t\t\t\t\t\t\t\t\t<p><strong>\u00dcber uns<\/strong><\/p><p>Nach jahrelanger enger und guter Zusammenarbeit beschlossen Lufi Badil aus Mels, ehemaliger Abteilungsleiter sowie Berufsbildner in Carrosserie-Lackiererei sowie sein dazumals Auszubildender Mergim Basha aus Walenstadt, welcher seit 2015 stellvertretender Lackierleiter ist. Sich selbst\u00e4ndig zu machen. Die Mission dahinter ist sehr simpel: Ein eingespieltes, handwerklich, fleissiges und qualitatives Team ist selten. Wir stehen f\u00fcr guten Service und top Qualit\u00e4t.<br \/><br \/>Per 1. November 2021 stehen unsere modernen R\u00e4umlichkeiten zur Verf\u00fcgung, welche durch einen erweiterten Neubau, der Auto Look AG in Tr\u00fcbbach entstanden sind. Zusammen bringen wir \u00fcber 33 Jahre Berufserfahrung \u2013 Ihre Ansprechperson f\u00fcr alle Neu- und Reparaturarbeiten.<\/p>\t\t\t\t\t\t\t\t<\/div>\n\t\t\t\t<\/div>\n\t\t\t\t<section class=\"elementor-section elementor-inner-section elementor-element elementor-element-9c8d996 elementor-section-boxed elementor-section-height-default elementor-section-height-default\" data-id=\"9c8d996\" data-element_type=\"section\" data-e-type=\"section\">\n\t\t\t\t\t\t<div class=\"elementor-container elementor-column-gap-default\">\n\t\t\t\t\t<div class=\"elementor-column elementor-col-50 elementor-inner-column elementor-element elementor-element-bde62e2\" data-id=\"bde62e2\" data-element_type=\"column\" data-e-type=\"column\">\n\t\t\t<div class=\"elementor-widget-wrap elementor-element-populated\">\n\t\t\t\t\t\t<div class=\"elementor-element elementor-element-2aadb71d elementor-position-top elementor-widget elementor-widget-image-box\" data-id=\"2aadb71d\" data-element_type=\"widget\" data-e-type=\"widget\" data-widget_type=\"image-box.default\">\n\t\t\t\t<div class=\"elementor-widget-container\">\n\t\t\t\t\t<div class=\"elementor-image-box-wrapper\"><figure class=\"elementor-image-box-img\"><img fetchpriority=\"high\" decoding=\"async\" width=\"400\" height=\"400\" src=\"https:\/\/carrosserie-look.ch\/wp-content\/uploads\/2021\/10\/Bild-1.png\" class=\"attachment-full size-full wp-image-465\" alt=\"\" srcset=\"https:\/\/carrosserie-look.ch\/wp-content\/uploads\/2021\/10\/Bild-1.png 400w, https:\/\/carrosserie-look.ch\/wp-content\/uploads\/2021\/10\/Bild-1-300x300.png 300w, https:\/\/carrosserie-look.ch\/wp-content\/uploads\/2021\/10\/Bild-1-150x150.png 150w\" sizes=\"(max-width: 400px) 100vw, 400px\" \/><\/figure><div class=\"elementor-image-box-content\"><h3 class=\"elementor-image-box-title\">Lufi Badil<\/h3><p class=\"elementor-image-box-description\">Inhaber\n<br>badil@carrosserie-look.ch\n<br>079 348 23 08<\/p><\/div><\/div>\t\t\t\t<\/div>\n\t\t\t\t<\/div>\n\t\t\t\t\t<\/div>\n\t\t<\/div>\n\t\t\t\t<div class=\"elementor-column elementor-col-50 elementor-inner-column elementor-element elementor-element-0fa37df\" data-id=\"0fa37df\" data-element_type=\"column\" data-e-type=\"column\">\n\t\t\t<div class=\"elementor-widget-wrap elementor-element-populated\">\n\t\t\t\t\t\t<div class=\"elementor-element elementor-element-6baf807d elementor-position-top elementor-widget elementor-widget-image-box\" data-id=\"6baf807d\" data-element_type=\"widget\" data-e-type=\"widget\" data-widget_type=\"image-box.default\">\n\t\t\t\t<div class=\"elementor-widget-container\">\n\t\t\t\t\t<div class=\"elementor-image-box-wrapper\"><figure class=\"elementor-image-box-img\"><img decoding=\"async\" width=\"978\" height=\"978\" src=\"https:\/\/carrosserie-look.ch\/wp-content\/uploads\/2023\/05\/Ana.png\" class=\"attachment-full size-full wp-image-535\" alt=\"\" srcset=\"https:\/\/carrosserie-look.ch\/wp-content\/uploads\/2023\/05\/Ana.png 978w, https:\/\/carrosserie-look.ch\/wp-content\/uploads\/2023\/05\/Ana-300x300.png 300w, https:\/\/carrosserie-look.ch\/wp-content\/uploads\/2023\/05\/Ana-150x150.png 150w, https:\/\/carrosserie-look.ch\/wp-content\/uploads\/2023\/05\/Ana-768x768.png 768w\" sizes=\"(max-width: 978px) 100vw, 978px\" \/><\/figure><div class=\"elementor-image-box-content\"><h3 class=\"elementor-image-box-title\">Lufi Ana<\/h3><p class=\"elementor-image-box-description\">Sekret\u00e4rin<\/p><\/div><\/div>\t\t\t\t<\/div>\n\t\t\t\t<\/div>\n\t\t\t\t\t<\/div>\n\t\t<\/div>\n\t\t\t\t\t<\/div>\n\t\t<\/section>\n\t\t\t\t<section class=\"elementor-section elementor-inner-section elementor-element elementor-element-0edcabc elementor-section-boxed elementor-section-height-default elementor-section-height-default\" data-id=\"0edcabc\" data-element_type=\"section\" data-e-type=\"section\">\n\t\t\t\t\t\t<div class=\"elementor-container elementor-column-gap-default\">\n\t\t\t\t\t<div class=\"elementor-column elementor-col-50 elementor-inner-column elementor-element elementor-element-eeb8f45\" data-id=\"eeb8f45\" data-element_type=\"column\" data-e-type=\"column\">\n\t\t\t<div class=\"elementor-widget-wrap elementor-element-populated\">\n\t\t\t\t\t\t<div class=\"elementor-element elementor-element-aa2f8c4 elementor-position-top elementor-widget elementor-widget-image-box\" data-id=\"aa2f8c4\" data-element_type=\"widget\" data-e-type=\"widget\" data-widget_type=\"image-box.default\">\n\t\t\t\t<div class=\"elementor-widget-container\">\n\t\t\t\t\t<div class=\"elementor-image-box-wrapper\"><figure class=\"elementor-image-box-img\"><img decoding=\"async\" width=\"997\" height=\"997\" src=\"https:\/\/carrosserie-look.ch\/wp-content\/uploads\/2024\/03\/Unbenannt-1.png\" class=\"attachment-full size-full wp-image-597\" alt=\"\" srcset=\"https:\/\/carrosserie-look.ch\/wp-content\/uploads\/2024\/03\/Unbenannt-1.png 997w, https:\/\/carrosserie-look.ch\/wp-content\/uploads\/2024\/03\/Unbenannt-1-300x300.png 300w, https:\/\/carrosserie-look.ch\/wp-content\/uploads\/2024\/03\/Unbenannt-1-150x150.png 150w, https:\/\/carrosserie-look.ch\/wp-content\/uploads\/2024\/03\/Unbenannt-1-768x768.png 768w\" sizes=\"(max-width: 997px) 100vw, 997px\" \/><\/figure><div class=\"elementor-image-box-content\"><h3 class=\"elementor-image-box-title\">Negjdet Ukallo<\/h3><p class=\"elementor-image-box-description\">Carrosserie Lackierer<\/p><\/div><\/div>\t\t\t\t<\/div>\n\t\t\t\t<\/div>\n\t\t\t\t\t<\/div>\n\t\t<\/div>\n\t\t\t\t<div class=\"elementor-column elementor-col-50 elementor-inner-column elementor-element elementor-element-0b411d3\" data-id=\"0b411d3\" data-element_type=\"column\" data-e-type=\"column\">\n\t\t\t<div class=\"elementor-widget-wrap elementor-element-populated\">\n\t\t\t\t\t\t<div class=\"elementor-element elementor-element-2e59003 elementor-hidden-desktop elementor-hidden-tablet elementor-hidden-mobile elementor-position-top elementor-widget elementor-widget-image-box\" data-id=\"2e59003\" data-element_type=\"widget\" data-e-type=\"widget\" data-widget_type=\"image-box.default\">\n\t\t\t\t<div class=\"elementor-widget-container\">\n\t\t\t\t\t<div class=\"elementor-image-box-wrapper\"><figure class=\"elementor-image-box-img\"><img loading=\"lazy\" decoding=\"async\" width=\"978\" height=\"978\" src=\"https:\/\/carrosserie-look.ch\/wp-content\/uploads\/2023\/05\/Jorin.png\" class=\"attachment-full size-full wp-image-536\" alt=\"\" srcset=\"https:\/\/carrosserie-look.ch\/wp-content\/uploads\/2023\/05\/Jorin.png 978w, https:\/\/carrosserie-look.ch\/wp-content\/uploads\/2023\/05\/Jorin-300x300.png 300w, https:\/\/carrosserie-look.ch\/wp-content\/uploads\/2023\/05\/Jorin-150x150.png 150w, https:\/\/carrosserie-look.ch\/wp-content\/uploads\/2023\/05\/Jorin-768x768.png 768w\" sizes=\"(max-width: 978px) 100vw, 978px\" \/><\/figure><div class=\"elementor-image-box-content\"><h3 class=\"elementor-image-box-title\">Jorin Graf<\/h3><p class=\"elementor-image-box-description\">Praktikant<\/p><\/div><\/div>\t\t\t\t<\/div>\n\t\t\t\t<\/div>\n\t\t\t\t\t<\/div>\n\t\t<\/div>\n\t\t\t\t\t<\/div>\n\t\t<\/section>\n\t\t\t\t\t<\/div>\n\t\t<\/div>\n\t\t\t\t\t<\/div>\n\t\t<\/section>\n\t\t\t\t<\/div>\n\t\t","protected":false},"excerpt":{"rendered":"<p>\u00dcber uns Nach jahrelanger enger und guter Zusammenarbeit beschlossen Lufi Badil aus Mels, ehemaliger Abteilungsleiter sowie Berufsbildner in Carrosserie-Lackiererei sowie sein dazumals Auszubildender Mergim Basha aus Walenstadt, welcher seit 2015 stellvertretender Lackierleiter ist. Sich selbst\u00e4ndig zu machen. Die Mission dahinter ist sehr simpel: Ein eingespieltes, handwerklich, fleissiges und qualitatives Team ist selten. Wir stehen f\u00fcr &hellip; <\/p>\n<p class=\"link-more\"><a href=\"https:\/\/carrosserie-look.ch\/index.php\/ueber-uns\/\" class=\"more-link\"><span class=\"screen-reader-text\">\u201e\u00dcber Uns\u201c <\/span>weiterlesen<\/a><\/p>\n","protected":false},"author":1,"featured_media":0,"parent":0,"menu_order":0,"comment_status":"closed","ping_status":"closed","template":"elementor_header_footer","meta":{"footnotes":""},"class_list":["post-181","page","type-page","status-publish","hentry","entry"],"_links":{"self":[{"href":"https:\/\/carrosserie-look.ch\/index.php\/wp-json\/wp\/v2\/pages\/181","targetHints":{"allow":["GET"]}}],"collection":[{"href":"https:\/\/carrosserie-look.ch\/index.php\/wp-json\/wp\/v2\/pages"}],"about":[{"href":"https:\/\/carrosserie-look.ch\/index.php\/wp-json\/wp\/v2\/types\/page"}],"author":[{"embeddable":true,"href":"https:\/\/carrosserie-look.ch\/index.php\/wp-json\/wp\/v2\/users\/1"}],"replies":[{"embeddable":true,"href":"https:\/\/carrosserie-look.ch\/index.php\/wp-json\/wp\/v2\/comments?post=181"}],"version-history":[{"count":58,"href":"https:\/\/carrosserie-look.ch\/index.php\/wp-json\/wp\/v2\/pages\/181\/revisions"}],"predecessor-version":[{"id":670,"href":"https:\/\/carrosserie-look.ch\/index.php\/wp-json\/wp\/v2\/pages\/181\/revisions\/670"}],"wp:attachment":[{"href":"https:\/\/carrosserie-look.ch\/index.php\/wp-json\/wp\/v2\/media?parent=181"}],"curies":[{"name":"wp","href":"https:\/\/api.w.org\/{rel}","templated":true}]}}